{"id":289,"date":"2017-12-07T08:49:06","date_gmt":"2017-12-07T07:49:06","guid":{"rendered":"https:\/\/austeria.eu\/szczegoly-twojej-platnosci\/"},"modified":"2017-12-11T13:12:54","modified_gmt":"2017-12-11T12:12:54","slug":"szczegoly-twojej-platnosci","status":"publish","type":"page","link":"https:\/\/austeria.eu\/it\/szczegoly-twojej-platnosci\/","title":{"rendered":"Szczeg\u00f3\u0142y Twojej p\u0142atno\u015bci"},"content":{"rendered":"<p>[dotpay_content]<\/p>\n","protected":false},"excerpt":{"rendered":"<p>[dotpay_content]<\/p>\n","protected":false},"author":1,"featured_media":0,"parent":0,"menu_order":0,"comment_status":"closed","ping_status":"closed","template":"","meta":{"footnotes":""},"class_list":["post-289","page","type-page","status-publish","hentry"],"acf":[],"yoast_head":"<!-- This site is optimized with the Yoast SEO plugin v19.6.1 - https:\/\/yoast.com\/wordpress\/plugins\/seo\/ -->\n<title>Szczeg\u00f3\u0142y Twojej p\u0142atno\u015bci - LIBER AD SCRIBENDUM<\/title>\n<meta name=\"robots\" content=\"index, follow, max-snippet:-1, max-image-preview:large, max-video-preview:-1\" \/>\n<link rel=\"canonical\" href=\"https:\/\/beta.rso.pl\/eas\/it\/szczegoly-twojej-platnosci\/\" \/>\n<meta property=\"og:locale\" content=\"it_IT\" \/>\n<meta property=\"og:type\" content=\"article\" \/>\n<meta property=\"og:title\" content=\"Szczeg\u00f3\u0142y Twojej p\u0142atno\u015bci - LIBER AD SCRIBENDUM\" \/>\n<meta property=\"og:description\" content=\"[dotpay_content]\" \/>\n<meta property=\"og:url\" content=\"https:\/\/beta.rso.pl\/eas\/it\/szczegoly-twojej-platnosci\/\" \/>\n<meta property=\"og:site_name\" content=\"LIBER AD SCRIBENDUM\" \/>\n<meta property=\"article:modified_time\" content=\"2017-12-11T12:12:54+00:00\" \/>\n<meta name=\"twitter:card\" content=\"summary_large_image\" \/>\n<script type=\"application\/ld+json\" class=\"yoast-schema-graph\">{\"@context\":\"https:\/\/schema.org\",\"@graph\":[{\"@type\":\"WebPage\",\"@id\":\"https:\/\/beta.rso.pl\/eas\/it\/szczegoly-twojej-platnosci\/\",\"url\":\"https:\/\/beta.rso.pl\/eas\/it\/szczegoly-twojej-platnosci\/\",\"name\":\"Szczeg\u00f3\u0142y Twojej p\u0142atno\u015bci - LIBER AD SCRIBENDUM\",\"isPartOf\":{\"@id\":\"https:\/\/beta.rso.pl\/eas\/#website\"},\"datePublished\":\"2017-12-07T07:49:06+00:00\",\"dateModified\":\"2017-12-11T12:12:54+00:00\",\"breadcrumb\":{\"@id\":\"https:\/\/beta.rso.pl\/eas\/it\/szczegoly-twojej-platnosci\/#breadcrumb\"},\"inLanguage\":\"it-IT\",\"potentialAction\":[{\"@type\":\"ReadAction\",\"target\":[\"https:\/\/beta.rso.pl\/eas\/it\/szczegoly-twojej-platnosci\/\"]}]},{\"@type\":\"BreadcrumbList\",\"@id\":\"https:\/\/beta.rso.pl\/eas\/it\/szczegoly-twojej-platnosci\/#breadcrumb\",\"itemListElement\":[{\"@type\":\"ListItem\",\"position\":1,\"name\":\"Strona g\u0142\u00f3wna\",\"item\":\"https:\/\/beta.rso.pl\/eas\/it\/\"},{\"@type\":\"ListItem\",\"position\":2,\"name\":\"Szczeg\u00f3\u0142y Twojej p\u0142atno\u015bci\"}]},{\"@type\":\"WebSite\",\"@id\":\"https:\/\/beta.rso.pl\/eas\/#website\",\"url\":\"https:\/\/beta.rso.pl\/eas\/\",\"name\":\"LIBER AD SCRIBENDUM\",\"description\":\"\",\"potentialAction\":[{\"@type\":\"SearchAction\",\"target\":{\"@type\":\"EntryPoint\",\"urlTemplate\":\"https:\/\/beta.rso.pl\/eas\/?s={search_term_string}\"},\"query-input\":\"required name=search_term_string\"}],\"inLanguage\":\"it-IT\"}]}<\/script>\n<!-- \/ Yoast SEO plugin. -->","yoast_head_json":{"title":"Szczeg\u00f3\u0142y Twojej p\u0142atno\u015bci - LIBER AD SCRIBENDUM","robots":{"index":"index","follow":"follow","max-snippet":"max-snippet:-1","max-image-preview":"max-image-preview:large","max-video-preview":"max-video-preview:-1"},"canonical":"https:\/\/beta.rso.pl\/eas\/it\/szczegoly-twojej-platnosci\/","og_locale":"it_IT","og_type":"article","og_title":"Szczeg\u00f3\u0142y Twojej p\u0142atno\u015bci - LIBER AD SCRIBENDUM","og_description":"[dotpay_content]","og_url":"https:\/\/beta.rso.pl\/eas\/it\/szczegoly-twojej-platnosci\/","og_site_name":"LIBER AD SCRIBENDUM","article_modified_time":"2017-12-11T12:12:54+00:00","twitter_card":"summary_large_image","schema":{"@context":"https:\/\/schema.org","@graph":[{"@type":"WebPage","@id":"https:\/\/beta.rso.pl\/eas\/it\/szczegoly-twojej-platnosci\/","url":"https:\/\/beta.rso.pl\/eas\/it\/szczegoly-twojej-platnosci\/","name":"Szczeg\u00f3\u0142y Twojej p\u0142atno\u015bci - LIBER AD SCRIBENDUM","isPartOf":{"@id":"https:\/\/beta.rso.pl\/eas\/#website"},"datePublished":"2017-12-07T07:49:06+00:00","dateModified":"2017-12-11T12:12:54+00:00","breadcrumb":{"@id":"https:\/\/beta.rso.pl\/eas\/it\/szczegoly-twojej-platnosci\/#breadcrumb"},"inLanguage":"it-IT","potentialAction":[{"@type":"ReadAction","target":["https:\/\/beta.rso.pl\/eas\/it\/szczegoly-twojej-platnosci\/"]}]},{"@type":"BreadcrumbList","@id":"https:\/\/beta.rso.pl\/eas\/it\/szczegoly-twojej-platnosci\/#breadcrumb","itemListElement":[{"@type":"ListItem","position":1,"name":"Strona g\u0142\u00f3wna","item":"https:\/\/beta.rso.pl\/eas\/it\/"},{"@type":"ListItem","position":2,"name":"Szczeg\u00f3\u0142y Twojej p\u0142atno\u015bci"}]},{"@type":"WebSite","@id":"https:\/\/beta.rso.pl\/eas\/#website","url":"https:\/\/beta.rso.pl\/eas\/","name":"LIBER AD SCRIBENDUM","description":"","potentialAction":[{"@type":"SearchAction","target":{"@type":"EntryPoint","urlTemplate":"https:\/\/beta.rso.pl\/eas\/?s={search_term_string}"},"query-input":"required name=search_term_string"}],"inLanguage":"it-IT"}]}},"_links":{"self":[{"href":"https:\/\/austeria.eu\/it\/wp-json\/wp\/v2\/pages\/289"}],"collection":[{"href":"https:\/\/austeria.eu\/it\/wp-json\/wp\/v2\/pages"}],"about":[{"href":"https:\/\/austeria.eu\/it\/wp-json\/wp\/v2\/types\/page"}],"author":[{"embeddable":true,"href":"https:\/\/austeria.eu\/it\/wp-json\/wp\/v2\/users\/1"}],"replies":[{"embeddable":true,"href":"https:\/\/austeria.eu\/it\/wp-json\/wp\/v2\/comments?post=289"}],"version-history":[{"count":1,"href":"https:\/\/austeria.eu\/it\/wp-json\/wp\/v2\/pages\/289\/revisions"}],"predecessor-version":[{"id":293,"href":"https:\/\/austeria.eu\/it\/wp-json\/wp\/v2\/pages\/289\/revisions\/293"}],"wp:attachment":[{"href":"https:\/\/austeria.eu\/it\/wp-json\/wp\/v2\/media?parent=289"}],"curies":[{"name":"wp","href":"https:\/\/api.w.org\/{rel}","templated":true}]}}