{"id":495,"date":"2017-12-13T11:30:46","date_gmt":"2017-12-13T10:30:46","guid":{"rendered":"https:\/\/austeria.eu\/produkt\/en-arle\/"},"modified":"2022-04-22T16:04:26","modified_gmt":"2022-04-22T14:04:26","slug":"en-arle","status":"publish","type":"product","link":"https:\/\/austeria.eu\/fr\/produkt\/en-arle\/","title":{"rendered":"En Arle"},"content":{"rendered":"<p>Pourquoi la Provence ? Justement, pourquoi ? &#8230; Pourquoi, une fois connue, jette-t-elle un charme dont vous ne pouvez plus vous lib\u00e9rer, \u00e9veille-t-elle une faim impossible \u00e0 rassasier ?<br \/>\nJe d\u00e9ambule dans Arles, en devinant ce qui est invisible \u00e0 l&#8217;oeil, les traces d&#8217;une vie qui s&#8217;est d\u00e9roul\u00e9e ici jadis, celles de gens qui y v\u00e9curent.<\/p>\n","protected":false},"excerpt":{"rendered":"<h5>Apr\u00e8s le succ\u00e8s du Carnet arl\u00e9sien, en voici un second, \u201eEn Arle\u201d\u00a0(Arle en occitan, Arles officiellement en fran\u00e7ais).<\/h5>\n<h5>Cr\u00e9ez votre carnet de voyage dans ce livre enrichi de photographies et de textes courts, extraits du livre \u201cTriptyque occitan\u201d d\u2019Adam Wodnicki.<\/h5>\n","protected":false},"featured_media":447,"template":"","meta":[],"product_cat":[46],"product_tag":[],"class_list":{"0":"post-495","1":"product","2":"type-product","3":"status-publish","4":"has-post-thumbnail","6":"product_cat-sites","8":"first","9":"instock","10":"shipping-taxable","11":"purchasable","12":"product-type-simple"},"acf":[],"yoast_head":"<!-- This site is optimized with the Yoast SEO plugin v19.6.1 - https:\/\/yoast.com\/wordpress\/plugins\/seo\/ -->\n<title>En Arle - LIBER AD SCRIBENDUM<\/title>\n<meta name=\"robots\" content=\"index, follow, max-snippet:-1, max-image-preview:large, max-video-preview:-1\" \/>\n<link rel=\"canonical\" href=\"https:\/\/beta.rso.pl\/eas\/fr\/produkt\/en-arle\/\" \/>\n<meta property=\"og:locale\" content=\"fr_FR\" \/>\n<meta property=\"og:type\" content=\"article\" \/>\n<meta property=\"og:title\" content=\"En Arle - LIBER AD SCRIBENDUM\" \/>\n<meta property=\"og:description\" content=\"Apr\u00e8s le succ\u00e8s du Carnet arl\u00e9sien, en voici un second, \u201eEn Arle\u201d\u00a0(Arle en occitan, Arles officiellement en fran\u00e7ais). Cr\u00e9ez votre carnet de voyage dans ce livre enrichi de photographies et de textes courts, extraits du livre \u201cTriptyque occitan\u201d d\u2019Adam Wodnicki.\" \/>\n<meta property=\"og:url\" content=\"https:\/\/beta.rso.pl\/eas\/fr\/produkt\/en-arle\/\" \/>\n<meta property=\"og:site_name\" content=\"LIBER AD SCRIBENDUM\" \/>\n<meta property=\"article:modified_time\" content=\"2022-04-22T14:04:26+00:00\" \/>\n<meta property=\"og:image\" content=\"https:\/\/beta.rso.pl\/eas\/wp-content\/uploads\/2017\/12\/6.jpg\" \/>\n\t<meta property=\"og:image:width\" content=\"492\" \/>\n\t<meta property=\"og:image:height\" content=\"700\" \/>\n\t<meta property=\"og:image:type\" content=\"image\/jpeg\" \/>\n<meta name=\"twitter:card\" content=\"summary_large_image\" \/>\n<script type=\"application\/ld+json\" class=\"yoast-schema-graph\">{\"@context\":\"https:\/\/schema.org\",\"@graph\":[{\"@type\":\"WebPage\",\"@id\":\"https:\/\/beta.rso.pl\/eas\/fr\/produkt\/en-arle\/\",\"url\":\"https:\/\/beta.rso.pl\/eas\/fr\/produkt\/en-arle\/\",\"name\":\"En Arle - LIBER AD SCRIBENDUM\",\"isPartOf\":{\"@id\":\"https:\/\/beta.rso.pl\/eas\/#website\"},\"datePublished\":\"2017-12-13T10:30:46+00:00\",\"dateModified\":\"2022-04-22T14:04:26+00:00\",\"breadcrumb\":{\"@id\":\"https:\/\/beta.rso.pl\/eas\/fr\/produkt\/en-arle\/#breadcrumb\"},\"inLanguage\":\"fr-FR\",\"potentialAction\":[{\"@type\":\"ReadAction\",\"target\":[\"https:\/\/beta.rso.pl\/eas\/fr\/produkt\/en-arle\/\"]}]},{\"@type\":\"BreadcrumbList\",\"@id\":\"https:\/\/beta.rso.pl\/eas\/fr\/produkt\/en-arle\/#breadcrumb\",\"itemListElement\":[{\"@type\":\"ListItem\",\"position\":1,\"name\":\"Strona g\u0142\u00f3wna\",\"item\":\"https:\/\/beta.rso.pl\/eas\/fr\/\"},{\"@type\":\"ListItem\",\"position\":2,\"name\":\"Boutique\",\"item\":\"https:\/\/beta.rso.pl\/eas\/fr\/boutique\/\"},{\"@type\":\"ListItem\",\"position\":3,\"name\":\"En Arle\"}]},{\"@type\":\"WebSite\",\"@id\":\"https:\/\/beta.rso.pl\/eas\/#website\",\"url\":\"https:\/\/beta.rso.pl\/eas\/\",\"name\":\"LIBER AD SCRIBENDUM\",\"description\":\"\",\"potentialAction\":[{\"@type\":\"SearchAction\",\"target\":{\"@type\":\"EntryPoint\",\"urlTemplate\":\"https:\/\/beta.rso.pl\/eas\/?s={search_term_string}\"},\"query-input\":\"required name=search_term_string\"}],\"inLanguage\":\"fr-FR\"}]}<\/script>\n<!-- \/ Yoast SEO plugin. -->","yoast_head_json":{"title":"En Arle - LIBER AD SCRIBENDUM","robots":{"index":"index","follow":"follow","max-snippet":"max-snippet:-1","max-image-preview":"max-image-preview:large","max-video-preview":"max-video-preview:-1"},"canonical":"https:\/\/beta.rso.pl\/eas\/fr\/produkt\/en-arle\/","og_locale":"fr_FR","og_type":"article","og_title":"En Arle - LIBER AD SCRIBENDUM","og_description":"Apr\u00e8s le succ\u00e8s du Carnet arl\u00e9sien, en voici un second, \u201eEn Arle\u201d\u00a0(Arle en occitan, Arles officiellement en fran\u00e7ais). Cr\u00e9ez votre carnet de voyage dans ce livre enrichi de photographies et de textes courts, extraits du livre \u201cTriptyque occitan\u201d d\u2019Adam Wodnicki.","og_url":"https:\/\/beta.rso.pl\/eas\/fr\/produkt\/en-arle\/","og_site_name":"LIBER AD SCRIBENDUM","article_modified_time":"2022-04-22T14:04:26+00:00","og_image":[{"width":492,"height":700,"url":"https:\/\/beta.rso.pl\/eas\/wp-content\/uploads\/2017\/12\/6.jpg","type":"image\/jpeg"}],"twitter_card":"summary_large_image","schema":{"@context":"https:\/\/schema.org","@graph":[{"@type":"WebPage","@id":"https:\/\/beta.rso.pl\/eas\/fr\/produkt\/en-arle\/","url":"https:\/\/beta.rso.pl\/eas\/fr\/produkt\/en-arle\/","name":"En Arle - LIBER AD SCRIBENDUM","isPartOf":{"@id":"https:\/\/beta.rso.pl\/eas\/#website"},"datePublished":"2017-12-13T10:30:46+00:00","dateModified":"2022-04-22T14:04:26+00:00","breadcrumb":{"@id":"https:\/\/beta.rso.pl\/eas\/fr\/produkt\/en-arle\/#breadcrumb"},"inLanguage":"fr-FR","potentialAction":[{"@type":"ReadAction","target":["https:\/\/beta.rso.pl\/eas\/fr\/produkt\/en-arle\/"]}]},{"@type":"BreadcrumbList","@id":"https:\/\/beta.rso.pl\/eas\/fr\/produkt\/en-arle\/#breadcrumb","itemListElement":[{"@type":"ListItem","position":1,"name":"Strona g\u0142\u00f3wna","item":"https:\/\/beta.rso.pl\/eas\/fr\/"},{"@type":"ListItem","position":2,"name":"Boutique","item":"https:\/\/beta.rso.pl\/eas\/fr\/boutique\/"},{"@type":"ListItem","position":3,"name":"En Arle"}]},{"@type":"WebSite","@id":"https:\/\/beta.rso.pl\/eas\/#website","url":"https:\/\/beta.rso.pl\/eas\/","name":"LIBER AD SCRIBENDUM","description":"","potentialAction":[{"@type":"SearchAction","target":{"@type":"EntryPoint","urlTemplate":"https:\/\/beta.rso.pl\/eas\/?s={search_term_string}"},"query-input":"required name=search_term_string"}],"inLanguage":"fr-FR"}]}},"_links":{"self":[{"href":"https:\/\/austeria.eu\/fr\/wp-json\/wp\/v2\/product\/495"}],"collection":[{"href":"https:\/\/austeria.eu\/fr\/wp-json\/wp\/v2\/product"}],"about":[{"href":"https:\/\/austeria.eu\/fr\/wp-json\/wp\/v2\/types\/product"}],"wp:featuredmedia":[{"embeddable":true,"href":"https:\/\/austeria.eu\/fr\/wp-json\/wp\/v2\/media\/447"}],"wp:attachment":[{"href":"https:\/\/austeria.eu\/fr\/wp-json\/wp\/v2\/media?parent=495"}],"wp:term":[{"taxonomy":"product_cat","embeddable":true,"href":"https:\/\/austeria.eu\/fr\/wp-json\/wp\/v2\/product_cat?post=495"},{"taxonomy":"product_tag","embeddable":true,"href":"https:\/\/austeria.eu\/fr\/wp-json\/wp\/v2\/product_tag?post=495"}],"curies":[{"name":"wp","href":"https:\/\/api.w.org\/{rel}","templated":true}]}}