{"id":2075,"date":"2021-03-16T13:32:17","date_gmt":"2021-03-16T12:32:17","guid":{"rendered":"https:\/\/austeria.eu\/?post_type=product&#038;p=2075"},"modified":"2024-09-11T13:43:39","modified_gmt":"2024-09-11T11:43:39","slug":"jozef-czapski-livre-pour-ecrire","status":"publish","type":"product","link":"https:\/\/austeria.eu\/fr\/produkt\/jozef-czapski-livre-pour-ecrire\/","title":{"rendered":"J\u00f3zef Czapski. Livre pour \u00e9crire"},"content":{"rendered":"<p>Vers la fin de l\u2019ann\u00e9e 1918, je passais mes derniers mois \u00e0 P\u00e9tersbourg. J\u2019\u200ay attendais, muni de papiers ill\u00e9gaux, la possibilit\u00e9 de revenir en Pologne. [\u2026] Je parcourais les rues de cette ville, \u00ab\u2009la plus abstraite des toutes\u2009\u00bb, en proie \u00e0 la terreur r\u00e9volutionnaire, parmi les gens souffrant de la famine. [\u2026] Pr\u00e8s de la statue de Pierre le Grand et des colonnes blanches du S\u00e9nat, j\u2019\u200aai vu un vieux cocher barbu. En descendant du pont, perch\u00e9 sur la banquette d\u2019un fiacre tout d\u00e9labr\u00e9, il poussait son cheval \u2013 rien que la peau sur les os. La pauvre b\u00eate tra\u00eenait ses jambes \u00e0 grand-peine. Je n\u2019\u200aai pas pu me retenir\u2009: je lui ai demand\u00e9 pourquoi il attelait encore ce cheval qui \u00e9tait \u00e0 l\u2019article de la mort. Lentement, le cocher a tourn\u00e9 vers moi la t\u00eate et j\u2019\u200aai vu que lui-m\u00eame \u00e9tait d\u00e9charn\u00e9 comme un squelette\u00a0; seuls ses yeux luisaient d\u2019un \u00e9clat \u00e9trange dans son visage \u00e9maci\u00e9, sous le bord d\u2019une casquette \u00e9lim\u00e9e. Il m\u2019\u200aa tois\u00e9 et calmement, presque sans \u00e9motion, m\u2019\u200aa r\u00e9pondu\u2009: \u00ab\u2009Nous allons tous mourir\u2009\u00bb.<\/p>\n<p style=\"text-align: right;\"><em>Regard contradictoire\u2009: Rozanov-Mauriac<\/em><\/p>\n","protected":false},"excerpt":{"rendered":"<p>Vers la fin de l\u2019ann\u00e9e 1918, je passais mes derniers mois \u00e0 P\u00e9tersbourg. J\u2019\u200ay attendais, muni de papiers ill\u00e9gaux, la possibilit\u00e9 de revenir en Pologne. [\u2026] Je parcourais les rues<\/p>\n","protected":false},"featured_media":2076,"template":"","meta":[],"product_cat":[20,47],"product_tag":[],"class_list":{"0":"post-2075","1":"product","2":"type-product","3":"status-publish","4":"has-post-thumbnail","6":"product_cat-ludzie","7":"product_cat-personnages","9":"first","10":"instock","11":"shipping-taxable","12":"purchasable","13":"product-type-simple"},"acf":[],"yoast_head":"<!-- This site is optimized with the Yoast SEO plugin v19.6.1 - https:\/\/yoast.com\/wordpress\/plugins\/seo\/ -->\n<title>J\u00f3zef Czapski. Livre pour \u00e9crire - LIBER AD SCRIBENDUM<\/title>\n<meta name=\"robots\" content=\"index, follow, max-snippet:-1, max-image-preview:large, max-video-preview:-1\" \/>\n<link rel=\"canonical\" href=\"https:\/\/beta.rso.pl\/eas\/fr\/produkt\/jozef-czapski-livre-pour-ecrire\/\" \/>\n<meta property=\"og:locale\" content=\"fr_FR\" \/>\n<meta property=\"og:type\" content=\"article\" \/>\n<meta property=\"og:title\" content=\"J\u00f3zef Czapski. Livre pour \u00e9crire - LIBER AD SCRIBENDUM\" \/>\n<meta property=\"og:description\" content=\"Vers la fin de l\u2019ann\u00e9e 1918, je passais mes derniers mois \u00e0 P\u00e9tersbourg. J\u2019\u200ay attendais, muni de papiers ill\u00e9gaux, la possibilit\u00e9 de revenir en Pologne. [\u2026] Je parcourais les rues\" \/>\n<meta property=\"og:url\" content=\"https:\/\/beta.rso.pl\/eas\/fr\/produkt\/jozef-czapski-livre-pour-ecrire\/\" \/>\n<meta property=\"og:site_name\" content=\"LIBER AD SCRIBENDUM\" \/>\n<meta property=\"article:modified_time\" content=\"2024-09-11T11:43:39+00:00\" \/>\n<meta property=\"og:image\" content=\"https:\/\/beta.rso.pl\/eas\/wp-content\/uploads\/2021\/03\/czapski-fr-711x1024.jpg\" \/>\n\t<meta property=\"og:image:width\" content=\"711\" \/>\n\t<meta property=\"og:image:height\" content=\"1024\" \/>\n\t<meta property=\"og:image:type\" content=\"image\/jpeg\" \/>\n<meta name=\"twitter:card\" content=\"summary_large_image\" \/>\n<meta name=\"twitter:label1\" content=\"Dur\u00e9e de lecture estim\u00e9e\" \/>\n\t<meta name=\"twitter:data1\" content=\"1 minute\" \/>\n<script type=\"application\/ld+json\" class=\"yoast-schema-graph\">{\"@context\":\"https:\/\/schema.org\",\"@graph\":[{\"@type\":\"WebPage\",\"@id\":\"https:\/\/beta.rso.pl\/eas\/fr\/produkt\/jozef-czapski-livre-pour-ecrire\/\",\"url\":\"https:\/\/beta.rso.pl\/eas\/fr\/produkt\/jozef-czapski-livre-pour-ecrire\/\",\"name\":\"J\u00f3zef Czapski. Livre pour \u00e9crire - LIBER AD SCRIBENDUM\",\"isPartOf\":{\"@id\":\"https:\/\/beta.rso.pl\/eas\/#website\"},\"datePublished\":\"2021-03-16T12:32:17+00:00\",\"dateModified\":\"2024-09-11T11:43:39+00:00\",\"breadcrumb\":{\"@id\":\"https:\/\/beta.rso.pl\/eas\/fr\/produkt\/jozef-czapski-livre-pour-ecrire\/#breadcrumb\"},\"inLanguage\":\"fr-FR\",\"potentialAction\":[{\"@type\":\"ReadAction\",\"target\":[\"https:\/\/beta.rso.pl\/eas\/fr\/produkt\/jozef-czapski-livre-pour-ecrire\/\"]}]},{\"@type\":\"BreadcrumbList\",\"@id\":\"https:\/\/beta.rso.pl\/eas\/fr\/produkt\/jozef-czapski-livre-pour-ecrire\/#breadcrumb\",\"itemListElement\":[{\"@type\":\"ListItem\",\"position\":1,\"name\":\"Strona g\u0142\u00f3wna\",\"item\":\"https:\/\/beta.rso.pl\/eas\/fr\/\"},{\"@type\":\"ListItem\",\"position\":2,\"name\":\"Boutique\",\"item\":\"https:\/\/beta.rso.pl\/eas\/fr\/boutique\/\"},{\"@type\":\"ListItem\",\"position\":3,\"name\":\"J\u00f3zef Czapski. Livre pour \u00e9crire\"}]},{\"@type\":\"WebSite\",\"@id\":\"https:\/\/beta.rso.pl\/eas\/#website\",\"url\":\"https:\/\/beta.rso.pl\/eas\/\",\"name\":\"LIBER AD SCRIBENDUM\",\"description\":\"\",\"potentialAction\":[{\"@type\":\"SearchAction\",\"target\":{\"@type\":\"EntryPoint\",\"urlTemplate\":\"https:\/\/beta.rso.pl\/eas\/?s={search_term_string}\"},\"query-input\":\"required name=search_term_string\"}],\"inLanguage\":\"fr-FR\"}]}<\/script>\n<!-- \/ Yoast SEO plugin. -->","yoast_head_json":{"title":"J\u00f3zef Czapski. Livre pour \u00e9crire - LIBER AD SCRIBENDUM","robots":{"index":"index","follow":"follow","max-snippet":"max-snippet:-1","max-image-preview":"max-image-preview:large","max-video-preview":"max-video-preview:-1"},"canonical":"https:\/\/beta.rso.pl\/eas\/fr\/produkt\/jozef-czapski-livre-pour-ecrire\/","og_locale":"fr_FR","og_type":"article","og_title":"J\u00f3zef Czapski. Livre pour \u00e9crire - LIBER AD SCRIBENDUM","og_description":"Vers la fin de l\u2019ann\u00e9e 1918, je passais mes derniers mois \u00e0 P\u00e9tersbourg. J\u2019\u200ay attendais, muni de papiers ill\u00e9gaux, la possibilit\u00e9 de revenir en Pologne. [\u2026] Je parcourais les rues","og_url":"https:\/\/beta.rso.pl\/eas\/fr\/produkt\/jozef-czapski-livre-pour-ecrire\/","og_site_name":"LIBER AD SCRIBENDUM","article_modified_time":"2024-09-11T11:43:39+00:00","og_image":[{"width":711,"height":1024,"url":"https:\/\/beta.rso.pl\/eas\/wp-content\/uploads\/2021\/03\/czapski-fr-711x1024.jpg","type":"image\/jpeg"}],"twitter_card":"summary_large_image","twitter_misc":{"Dur\u00e9e de lecture estim\u00e9e":"1 minute"},"schema":{"@context":"https:\/\/schema.org","@graph":[{"@type":"WebPage","@id":"https:\/\/beta.rso.pl\/eas\/fr\/produkt\/jozef-czapski-livre-pour-ecrire\/","url":"https:\/\/beta.rso.pl\/eas\/fr\/produkt\/jozef-czapski-livre-pour-ecrire\/","name":"J\u00f3zef Czapski. Livre pour \u00e9crire - LIBER AD SCRIBENDUM","isPartOf":{"@id":"https:\/\/beta.rso.pl\/eas\/#website"},"datePublished":"2021-03-16T12:32:17+00:00","dateModified":"2024-09-11T11:43:39+00:00","breadcrumb":{"@id":"https:\/\/beta.rso.pl\/eas\/fr\/produkt\/jozef-czapski-livre-pour-ecrire\/#breadcrumb"},"inLanguage":"fr-FR","potentialAction":[{"@type":"ReadAction","target":["https:\/\/beta.rso.pl\/eas\/fr\/produkt\/jozef-czapski-livre-pour-ecrire\/"]}]},{"@type":"BreadcrumbList","@id":"https:\/\/beta.rso.pl\/eas\/fr\/produkt\/jozef-czapski-livre-pour-ecrire\/#breadcrumb","itemListElement":[{"@type":"ListItem","position":1,"name":"Strona g\u0142\u00f3wna","item":"https:\/\/beta.rso.pl\/eas\/fr\/"},{"@type":"ListItem","position":2,"name":"Boutique","item":"https:\/\/beta.rso.pl\/eas\/fr\/boutique\/"},{"@type":"ListItem","position":3,"name":"J\u00f3zef Czapski. Livre pour \u00e9crire"}]},{"@type":"WebSite","@id":"https:\/\/beta.rso.pl\/eas\/#website","url":"https:\/\/beta.rso.pl\/eas\/","name":"LIBER AD SCRIBENDUM","description":"","potentialAction":[{"@type":"SearchAction","target":{"@type":"EntryPoint","urlTemplate":"https:\/\/beta.rso.pl\/eas\/?s={search_term_string}"},"query-input":"required name=search_term_string"}],"inLanguage":"fr-FR"}]}},"_links":{"self":[{"href":"https:\/\/austeria.eu\/fr\/wp-json\/wp\/v2\/product\/2075"}],"collection":[{"href":"https:\/\/austeria.eu\/fr\/wp-json\/wp\/v2\/product"}],"about":[{"href":"https:\/\/austeria.eu\/fr\/wp-json\/wp\/v2\/types\/product"}],"wp:featuredmedia":[{"embeddable":true,"href":"https:\/\/austeria.eu\/fr\/wp-json\/wp\/v2\/media\/2076"}],"wp:attachment":[{"href":"https:\/\/austeria.eu\/fr\/wp-json\/wp\/v2\/media?parent=2075"}],"wp:term":[{"taxonomy":"product_cat","embeddable":true,"href":"https:\/\/austeria.eu\/fr\/wp-json\/wp\/v2\/product_cat?post=2075"},{"taxonomy":"product_tag","embeddable":true,"href":"https:\/\/austeria.eu\/fr\/wp-json\/wp\/v2\/product_tag?post=2075"}],"curies":[{"name":"wp","href":"https:\/\/api.w.org\/{rel}","templated":true}]}}