{"id":1128,"date":"2020-12-29T16:46:20","date_gmt":"2018-05-16T14:46:20","guid":{"rendered":"https:\/\/austeria.eu\/produkt\/cracovie-livre-pour-ecrire-2\/"},"modified":"2022-04-22T16:05:28","modified_gmt":"2022-04-22T14:05:28","slug":"cracovie-livre-pour-ecrire-2","status":"publish","type":"product","link":"https:\/\/austeria.eu\/fr\/produkt\/cracovie-livre-pour-ecrire-2\/","title":{"rendered":"Cracovie. Livre pour \u00e9crire"},"content":{"rendered":"<p>Cracovie est la ville o\u00f9 j\u2019\u200aai pass\u00e9 avec mon p\u00e8re les dix-huit derniers mois de sa vie. C\u2019\u200aest dans cette vieille cit\u00e9 royale et universitaire que j\u2019\u200aai cess\u00e9 d\u2019\u200a\u00eatre enfant, que je suis devenu adolescent, que j\u2019\u200aai connu les amiti\u00e9s, les admirations, les pens\u00e9es et les indignations de cet \u00e2ge. C\u2019\u200aest \u00e0 l\u2019\u200aint\u00e9rieur de ces murailles historiques que j\u2019\u200aai commenc\u00e9 \u00e0 comprendre les choses, \u00e0 nourrir des affections, \u00e0 accumuler un tr\u00e9sor de souvenirs et une r\u00e9serve de sensations avec lesquels je devais rompre brutalement en me lan\u00e7ant dans une existence sans rapport avec eux. Ce fut comme la d\u00e9couverte d\u2019\u200aun autre monde.<\/p>\n<p style=\"text-align: right;\">Joseph Conrad<\/p>\n","protected":false},"excerpt":{"rendered":"<div>Cr\u00e9ez votre carnet de voyage dans ce livre enrichi de photographies et de textes courts qui vous guident en Pologne \u00e0 la d\u00e9couverte de Cracovie, cette vieille cit\u00e9 royale et universitaire.<\/div>\n","protected":false},"featured_media":1118,"template":"","meta":[],"product_cat":[46],"product_tag":[],"class_list":{"0":"post-1128","1":"product","2":"type-product","3":"status-publish","4":"has-post-thumbnail","6":"product_cat-sites","8":"first","9":"instock","10":"shipping-taxable","11":"purchasable","12":"product-type-simple"},"acf":[],"yoast_head":"<!-- This site is optimized with the Yoast SEO plugin v19.6.1 - https:\/\/yoast.com\/wordpress\/plugins\/seo\/ -->\n<title>Cracovie. Livre pour \u00e9crire - LIBER AD SCRIBENDUM<\/title>\n<meta name=\"robots\" content=\"index, follow, max-snippet:-1, max-image-preview:large, max-video-preview:-1\" \/>\n<link rel=\"canonical\" href=\"https:\/\/beta.rso.pl\/eas\/fr\/produkt\/cracovie-livre-pour-ecrire-2\/\" \/>\n<meta property=\"og:locale\" content=\"fr_FR\" \/>\n<meta property=\"og:type\" content=\"article\" \/>\n<meta property=\"og:title\" content=\"Cracovie. Livre pour \u00e9crire - LIBER AD SCRIBENDUM\" \/>\n<meta property=\"og:description\" content=\"Cr\u00e9ez votre carnet de voyage dans ce livre enrichi de photographies et de textes courts qui vous guident en Pologne \u00e0 la d\u00e9couverte de Cracovie, cette vieille cit\u00e9 royale et universitaire.\" \/>\n<meta property=\"og:url\" content=\"https:\/\/beta.rso.pl\/eas\/fr\/produkt\/cracovie-livre-pour-ecrire-2\/\" \/>\n<meta property=\"og:site_name\" content=\"LIBER AD SCRIBENDUM\" \/>\n<meta property=\"article:modified_time\" content=\"2022-04-22T14:05:28+00:00\" \/>\n<meta property=\"og:image\" content=\"https:\/\/beta.rso.pl\/eas\/wp-content\/uploads\/2018\/05\/cracovie.jpg\" \/>\n\t<meta property=\"og:image:width\" content=\"500\" \/>\n\t<meta property=\"og:image:height\" content=\"700\" \/>\n\t<meta property=\"og:image:type\" content=\"image\/jpeg\" \/>\n<meta name=\"twitter:card\" content=\"summary_large_image\" \/>\n<meta name=\"twitter:label1\" content=\"Dur\u00e9e de lecture estim\u00e9e\" \/>\n\t<meta name=\"twitter:data1\" content=\"1 minute\" \/>\n<script type=\"application\/ld+json\" class=\"yoast-schema-graph\">{\"@context\":\"https:\/\/schema.org\",\"@graph\":[{\"@type\":\"WebPage\",\"@id\":\"https:\/\/beta.rso.pl\/eas\/fr\/produkt\/cracovie-livre-pour-ecrire-2\/\",\"url\":\"https:\/\/beta.rso.pl\/eas\/fr\/produkt\/cracovie-livre-pour-ecrire-2\/\",\"name\":\"Cracovie. Livre pour \u00e9crire - LIBER AD SCRIBENDUM\",\"isPartOf\":{\"@id\":\"https:\/\/beta.rso.pl\/eas\/#website\"},\"datePublished\":\"2018-05-16T14:46:20+00:00\",\"dateModified\":\"2022-04-22T14:05:28+00:00\",\"breadcrumb\":{\"@id\":\"https:\/\/beta.rso.pl\/eas\/fr\/produkt\/cracovie-livre-pour-ecrire-2\/#breadcrumb\"},\"inLanguage\":\"fr-FR\",\"potentialAction\":[{\"@type\":\"ReadAction\",\"target\":[\"https:\/\/beta.rso.pl\/eas\/fr\/produkt\/cracovie-livre-pour-ecrire-2\/\"]}]},{\"@type\":\"BreadcrumbList\",\"@id\":\"https:\/\/beta.rso.pl\/eas\/fr\/produkt\/cracovie-livre-pour-ecrire-2\/#breadcrumb\",\"itemListElement\":[{\"@type\":\"ListItem\",\"position\":1,\"name\":\"Strona g\u0142\u00f3wna\",\"item\":\"https:\/\/beta.rso.pl\/eas\/fr\/\"},{\"@type\":\"ListItem\",\"position\":2,\"name\":\"Boutique\",\"item\":\"https:\/\/beta.rso.pl\/eas\/fr\/boutique\/\"},{\"@type\":\"ListItem\",\"position\":3,\"name\":\"Cracovie. Livre pour \u00e9crire\"}]},{\"@type\":\"WebSite\",\"@id\":\"https:\/\/beta.rso.pl\/eas\/#website\",\"url\":\"https:\/\/beta.rso.pl\/eas\/\",\"name\":\"LIBER AD SCRIBENDUM\",\"description\":\"\",\"potentialAction\":[{\"@type\":\"SearchAction\",\"target\":{\"@type\":\"EntryPoint\",\"urlTemplate\":\"https:\/\/beta.rso.pl\/eas\/?s={search_term_string}\"},\"query-input\":\"required name=search_term_string\"}],\"inLanguage\":\"fr-FR\"}]}<\/script>\n<!-- \/ Yoast SEO plugin. -->","yoast_head_json":{"title":"Cracovie. Livre pour \u00e9crire - LIBER AD SCRIBENDUM","robots":{"index":"index","follow":"follow","max-snippet":"max-snippet:-1","max-image-preview":"max-image-preview:large","max-video-preview":"max-video-preview:-1"},"canonical":"https:\/\/beta.rso.pl\/eas\/fr\/produkt\/cracovie-livre-pour-ecrire-2\/","og_locale":"fr_FR","og_type":"article","og_title":"Cracovie. Livre pour \u00e9crire - LIBER AD SCRIBENDUM","og_description":"Cr\u00e9ez votre carnet de voyage dans ce livre enrichi de photographies et de textes courts qui vous guident en Pologne \u00e0 la d\u00e9couverte de Cracovie, cette vieille cit\u00e9 royale et universitaire.","og_url":"https:\/\/beta.rso.pl\/eas\/fr\/produkt\/cracovie-livre-pour-ecrire-2\/","og_site_name":"LIBER AD SCRIBENDUM","article_modified_time":"2022-04-22T14:05:28+00:00","og_image":[{"width":500,"height":700,"url":"https:\/\/beta.rso.pl\/eas\/wp-content\/uploads\/2018\/05\/cracovie.jpg","type":"image\/jpeg"}],"twitter_card":"summary_large_image","twitter_misc":{"Dur\u00e9e de lecture estim\u00e9e":"1 minute"},"schema":{"@context":"https:\/\/schema.org","@graph":[{"@type":"WebPage","@id":"https:\/\/beta.rso.pl\/eas\/fr\/produkt\/cracovie-livre-pour-ecrire-2\/","url":"https:\/\/beta.rso.pl\/eas\/fr\/produkt\/cracovie-livre-pour-ecrire-2\/","name":"Cracovie. Livre pour \u00e9crire - LIBER AD SCRIBENDUM","isPartOf":{"@id":"https:\/\/beta.rso.pl\/eas\/#website"},"datePublished":"2018-05-16T14:46:20+00:00","dateModified":"2022-04-22T14:05:28+00:00","breadcrumb":{"@id":"https:\/\/beta.rso.pl\/eas\/fr\/produkt\/cracovie-livre-pour-ecrire-2\/#breadcrumb"},"inLanguage":"fr-FR","potentialAction":[{"@type":"ReadAction","target":["https:\/\/beta.rso.pl\/eas\/fr\/produkt\/cracovie-livre-pour-ecrire-2\/"]}]},{"@type":"BreadcrumbList","@id":"https:\/\/beta.rso.pl\/eas\/fr\/produkt\/cracovie-livre-pour-ecrire-2\/#breadcrumb","itemListElement":[{"@type":"ListItem","position":1,"name":"Strona g\u0142\u00f3wna","item":"https:\/\/beta.rso.pl\/eas\/fr\/"},{"@type":"ListItem","position":2,"name":"Boutique","item":"https:\/\/beta.rso.pl\/eas\/fr\/boutique\/"},{"@type":"ListItem","position":3,"name":"Cracovie. Livre pour \u00e9crire"}]},{"@type":"WebSite","@id":"https:\/\/beta.rso.pl\/eas\/#website","url":"https:\/\/beta.rso.pl\/eas\/","name":"LIBER AD SCRIBENDUM","description":"","potentialAction":[{"@type":"SearchAction","target":{"@type":"EntryPoint","urlTemplate":"https:\/\/beta.rso.pl\/eas\/?s={search_term_string}"},"query-input":"required name=search_term_string"}],"inLanguage":"fr-FR"}]}},"_links":{"self":[{"href":"https:\/\/austeria.eu\/fr\/wp-json\/wp\/v2\/product\/1128"}],"collection":[{"href":"https:\/\/austeria.eu\/fr\/wp-json\/wp\/v2\/product"}],"about":[{"href":"https:\/\/austeria.eu\/fr\/wp-json\/wp\/v2\/types\/product"}],"wp:featuredmedia":[{"embeddable":true,"href":"https:\/\/austeria.eu\/fr\/wp-json\/wp\/v2\/media\/1118"}],"wp:attachment":[{"href":"https:\/\/austeria.eu\/fr\/wp-json\/wp\/v2\/media?parent=1128"}],"wp:term":[{"taxonomy":"product_cat","embeddable":true,"href":"https:\/\/austeria.eu\/fr\/wp-json\/wp\/v2\/product_cat?post=1128"},{"taxonomy":"product_tag","embeddable":true,"href":"https:\/\/austeria.eu\/fr\/wp-json\/wp\/v2\/product_tag?post=1128"}],"curies":[{"name":"wp","href":"https:\/\/api.w.org\/{rel}","templated":true}]}}