{"id":515,"date":"2020-12-01T10:43:38","date_gmt":"2020-12-01T09:43:38","guid":{"rendered":"https:\/\/austeria.eu\/?post_type=product&#038;p=515"},"modified":"2024-04-29T10:59:53","modified_gmt":"2024-04-29T08:59:53","slug":"a-warsaw-notebook","status":"publish","type":"product","link":"https:\/\/austeria.eu\/en\/produkt\/a-warsaw-notebook\/","title":{"rendered":"A Warsaw notebook"},"content":{"rendered":"<p>Polish writers rarely dwell on cities. Roman archaeologists, on the other hand, turn to their poets of yore to help them identify and recreate the ruins they have dug up. But Warsaw would be more<br \/>\ndifficult to reconstruct after reading its writers\u2019 poetry and prose. Even Prus and \u017beromski apparently mention it only in passing, using it solely to provide settings for their novels\u2019 plots [\u2026]. I have known Warsaw at different times and I, too, remember best its distinctive aura, which resembles no other city\u2019s, the din of its many quarters, its people\u2019s bearing: in a word, that which is most ephemeral, of which even less survives than of its old walls. Whenever I come upon wood cobbles, cobblestones or concrete pavement squares in another city, the distant jumbled sounds of Warsaw\u2019s streets appear to come floating back into my ears.<\/p>\n<p style=\"text-align: right;\">Jerzy Stempowski<\/p>\n","protected":false},"excerpt":{"rendered":"<h5>Truly exceptional varsavianum \u2013 a literary notebook containing excerpts from poems, novels, and essays by many renowned authors and beautiful photographs depicting old-time and contemporary Warsaw.<\/h5>\n<h5>Literary notebook containing \u2018Warsaw-oriented\u2019 excerpts from poems, novels, and essays by various authors (such famous writers as, e.g., Isaac Bashevis Singer, Witold Gombrowicz, Czes\u0142aw Mi\u0142osz, Marek Edelman, Julia Hartwig, Zbigniew Herbert, Janusz G\u0142owacki, Andrzej Stasiuk), accompanied by rare and beautiful photographs depicting pre- and post-war Warsaw, as well as the contemporary face of the Polish capital city.<\/h5>\n<h5>Published in cooperation with Fundacja Zeszyty Literackie and Dom Spotka\u0144 z Histori\u0105, Warsaw.<\/h5>\n","protected":false},"featured_media":519,"template":"","meta":[],"product_cat":[19,30],"product_tag":[],"class_list":{"0":"post-515","1":"product","2":"type-product","3":"status-publish","4":"has-post-thumbnail","6":"product_cat-miejsca","7":"product_cat-places-en","9":"first","10":"instock","11":"shipping-taxable","12":"purchasable","13":"product-type-simple"},"acf":[],"yoast_head":"<!-- This site is optimized with the Yoast SEO plugin v19.6.1 - https:\/\/yoast.com\/wordpress\/plugins\/seo\/ -->\n<title>A Warsaw notebook - LIBER AD SCRIBENDUM<\/title>\n<meta name=\"robots\" content=\"index, follow, max-snippet:-1, max-image-preview:large, max-video-preview:-1\" \/>\n<link rel=\"canonical\" href=\"https:\/\/beta.rso.pl\/eas\/produkt\/a-warsaw-notebook\/\" \/>\n<meta property=\"og:locale\" content=\"en_US\" \/>\n<meta property=\"og:type\" content=\"article\" \/>\n<meta property=\"og:title\" content=\"A Warsaw notebook - LIBER AD SCRIBENDUM\" \/>\n<meta property=\"og:description\" content=\"Truly exceptional varsavianum \u2013 a literary notebook containing excerpts from poems, novels, and essays by many renowned authors and beautiful photographs depicting old-time and contemporary Warsaw. Literary notebook containing \u2018Warsaw-oriented\u2019 excerpts from poems, novels, and essays by various authors (such famous writers as, e.g., Isaac Bashevis Singer, Witold Gombrowicz, Czes\u0142aw Mi\u0142osz, Marek Edelman, Julia Hartwig, Zbigniew Herbert, Janusz G\u0142owacki, Andrzej Stasiuk), accompanied by rare and beautiful photographs depicting pre- and post-war Warsaw, as well as the contemporary face of the Polish capital city. Published in cooperation with Fundacja Zeszyty Literackie and Dom Spotka\u0144 z Histori\u0105, Warsaw.\" \/>\n<meta property=\"og:url\" content=\"https:\/\/beta.rso.pl\/eas\/produkt\/a-warsaw-notebook\/\" \/>\n<meta property=\"og:site_name\" content=\"LIBER AD SCRIBENDUM\" \/>\n<meta property=\"article:modified_time\" content=\"2024-04-29T08:59:53+00:00\" \/>\n<meta property=\"og:image\" content=\"https:\/\/beta.rso.pl\/eas\/wp-content\/uploads\/2017\/12\/1-2.jpg\" \/>\n\t<meta property=\"og:image:width\" content=\"499\" \/>\n\t<meta property=\"og:image:height\" content=\"700\" \/>\n\t<meta property=\"og:image:type\" content=\"image\/jpeg\" \/>\n<meta name=\"twitter:card\" content=\"summary_large_image\" \/>\n<meta name=\"twitter:label1\" content=\"Est. reading time\" \/>\n\t<meta name=\"twitter:data1\" content=\"1 minute\" \/>\n<script type=\"application\/ld+json\" class=\"yoast-schema-graph\">{\"@context\":\"https:\/\/schema.org\",\"@graph\":[{\"@type\":\"WebPage\",\"@id\":\"https:\/\/beta.rso.pl\/eas\/produkt\/a-warsaw-notebook\/\",\"url\":\"https:\/\/beta.rso.pl\/eas\/produkt\/a-warsaw-notebook\/\",\"name\":\"A Warsaw notebook - LIBER AD SCRIBENDUM\",\"isPartOf\":{\"@id\":\"https:\/\/beta.rso.pl\/eas\/#website\"},\"datePublished\":\"2020-12-01T09:43:38+00:00\",\"dateModified\":\"2024-04-29T08:59:53+00:00\",\"breadcrumb\":{\"@id\":\"https:\/\/beta.rso.pl\/eas\/produkt\/a-warsaw-notebook\/#breadcrumb\"},\"inLanguage\":\"en-US\",\"potentialAction\":[{\"@type\":\"ReadAction\",\"target\":[\"https:\/\/beta.rso.pl\/eas\/produkt\/a-warsaw-notebook\/\"]}]},{\"@type\":\"BreadcrumbList\",\"@id\":\"https:\/\/beta.rso.pl\/eas\/produkt\/a-warsaw-notebook\/#breadcrumb\",\"itemListElement\":[{\"@type\":\"ListItem\",\"position\":1,\"name\":\"Strona g\u0142\u00f3wna\",\"item\":\"https:\/\/beta.rso.pl\/eas\/en\/\"},{\"@type\":\"ListItem\",\"position\":2,\"name\":\"Shop\",\"item\":\"https:\/\/beta.rso.pl\/eas\/en\/shop\/\"},{\"@type\":\"ListItem\",\"position\":3,\"name\":\"A Warsaw notebook\"}]},{\"@type\":\"WebSite\",\"@id\":\"https:\/\/beta.rso.pl\/eas\/#website\",\"url\":\"https:\/\/beta.rso.pl\/eas\/\",\"name\":\"LIBER AD SCRIBENDUM\",\"description\":\"\",\"potentialAction\":[{\"@type\":\"SearchAction\",\"target\":{\"@type\":\"EntryPoint\",\"urlTemplate\":\"https:\/\/beta.rso.pl\/eas\/?s={search_term_string}\"},\"query-input\":\"required name=search_term_string\"}],\"inLanguage\":\"en-US\"}]}<\/script>\n<!-- \/ Yoast SEO plugin. -->","yoast_head_json":{"title":"A Warsaw notebook - LIBER AD SCRIBENDUM","robots":{"index":"index","follow":"follow","max-snippet":"max-snippet:-1","max-image-preview":"max-image-preview:large","max-video-preview":"max-video-preview:-1"},"canonical":"https:\/\/beta.rso.pl\/eas\/produkt\/a-warsaw-notebook\/","og_locale":"en_US","og_type":"article","og_title":"A Warsaw notebook - LIBER AD SCRIBENDUM","og_description":"Truly exceptional varsavianum \u2013 a literary notebook containing excerpts from poems, novels, and essays by many renowned authors and beautiful photographs depicting old-time and contemporary Warsaw. Literary notebook containing \u2018Warsaw-oriented\u2019 excerpts from poems, novels, and essays by various authors (such famous writers as, e.g., Isaac Bashevis Singer, Witold Gombrowicz, Czes\u0142aw Mi\u0142osz, Marek Edelman, Julia Hartwig, Zbigniew Herbert, Janusz G\u0142owacki, Andrzej Stasiuk), accompanied by rare and beautiful photographs depicting pre- and post-war Warsaw, as well as the contemporary face of the Polish capital city. Published in cooperation with Fundacja Zeszyty Literackie and Dom Spotka\u0144 z Histori\u0105, Warsaw.","og_url":"https:\/\/beta.rso.pl\/eas\/produkt\/a-warsaw-notebook\/","og_site_name":"LIBER AD SCRIBENDUM","article_modified_time":"2024-04-29T08:59:53+00:00","og_image":[{"width":499,"height":700,"url":"https:\/\/beta.rso.pl\/eas\/wp-content\/uploads\/2017\/12\/1-2.jpg","type":"image\/jpeg"}],"twitter_card":"summary_large_image","twitter_misc":{"Est. reading time":"1 minute"},"schema":{"@context":"https:\/\/schema.org","@graph":[{"@type":"WebPage","@id":"https:\/\/beta.rso.pl\/eas\/produkt\/a-warsaw-notebook\/","url":"https:\/\/beta.rso.pl\/eas\/produkt\/a-warsaw-notebook\/","name":"A Warsaw notebook - LIBER AD SCRIBENDUM","isPartOf":{"@id":"https:\/\/beta.rso.pl\/eas\/#website"},"datePublished":"2020-12-01T09:43:38+00:00","dateModified":"2024-04-29T08:59:53+00:00","breadcrumb":{"@id":"https:\/\/beta.rso.pl\/eas\/produkt\/a-warsaw-notebook\/#breadcrumb"},"inLanguage":"en-US","potentialAction":[{"@type":"ReadAction","target":["https:\/\/beta.rso.pl\/eas\/produkt\/a-warsaw-notebook\/"]}]},{"@type":"BreadcrumbList","@id":"https:\/\/beta.rso.pl\/eas\/produkt\/a-warsaw-notebook\/#breadcrumb","itemListElement":[{"@type":"ListItem","position":1,"name":"Strona g\u0142\u00f3wna","item":"https:\/\/beta.rso.pl\/eas\/en\/"},{"@type":"ListItem","position":2,"name":"Shop","item":"https:\/\/beta.rso.pl\/eas\/en\/shop\/"},{"@type":"ListItem","position":3,"name":"A Warsaw notebook"}]},{"@type":"WebSite","@id":"https:\/\/beta.rso.pl\/eas\/#website","url":"https:\/\/beta.rso.pl\/eas\/","name":"LIBER AD SCRIBENDUM","description":"","potentialAction":[{"@type":"SearchAction","target":{"@type":"EntryPoint","urlTemplate":"https:\/\/beta.rso.pl\/eas\/?s={search_term_string}"},"query-input":"required name=search_term_string"}],"inLanguage":"en-US"}]}},"_links":{"self":[{"href":"https:\/\/austeria.eu\/en\/wp-json\/wp\/v2\/product\/515"}],"collection":[{"href":"https:\/\/austeria.eu\/en\/wp-json\/wp\/v2\/product"}],"about":[{"href":"https:\/\/austeria.eu\/en\/wp-json\/wp\/v2\/types\/product"}],"wp:featuredmedia":[{"embeddable":true,"href":"https:\/\/austeria.eu\/en\/wp-json\/wp\/v2\/media\/519"}],"wp:attachment":[{"href":"https:\/\/austeria.eu\/en\/wp-json\/wp\/v2\/media?parent=515"}],"wp:term":[{"taxonomy":"product_cat","embeddable":true,"href":"https:\/\/austeria.eu\/en\/wp-json\/wp\/v2\/product_cat?post=515"},{"taxonomy":"product_tag","embeddable":true,"href":"https:\/\/austeria.eu\/en\/wp-json\/wp\/v2\/product_tag?post=515"}],"curies":[{"name":"wp","href":"https:\/\/api.w.org\/{rel}","templated":true}]}}