{"id":418,"date":"2018-01-09T11:09:51","date_gmt":"2018-01-09T10:09:51","guid":{"rendered":"https:\/\/austeria.eu\/produkt\/the-republic-of-mole-hill-a-book-for-writing-republika-kreciej-gory-ksiazka-pisania\/"},"modified":"2021-10-20T13:51:32","modified_gmt":"2021-10-20T11:51:32","slug":"the-republic-of-mole-hill-a-book-for-writing-republika-kreciej-gory-ksiazka-pisania","status":"publish","type":"product","link":"https:\/\/austeria.eu\/en\/produkt\/the-republic-of-mole-hill-a-book-for-writing-republika-kreciej-gory-ksiazka-pisania\/","title":{"rendered":"The Republic of Mole Hill. A book for writing. Republika Kreciej G\u00f3ry. Ksi\u0105\u017cka do pisania"},"content":{"rendered":"<p style=\"text-align: left;\" data-mce-style=\"text-align: left;\">Travel in country or in mind, does it matter? Jot down what you see and what you don\u2019t. Fill in the empty places with possibilities. Take for muse the known lands of the Republic of Mole Hill, an imaginary world if ever there was one, where you may join Lidia Rozmus in the deep play of the wanderer, the philosopher, the artist within us all. Amuse yourself make-believing your own imagined place. Sketch the landscape, the flora and fauna, the manifesto of your most secret home. Conjure up adventures. Journal <br \/> your dreams. Entertain your next hypothesis or poem, your next invention, your next big idea. Make it out of the ordinary. Make it magical, make it plausible, make it yours. Chart the road back, the road forward. Then draw a map, to remember by. Or what\u2019s a book for writing for?<\/p>\n<p style=\"text-align: right;\" data-mce-style=\"text-align: right;\">Michele Root-Bernstein<\/p>\n","protected":false},"excerpt":{"rendered":"<h5>Photographs, sumi-e, oils, drawings \/ Fotografie, sumi-e, obrazy olejne, rysunki: Lidia Rozmus<\/h5>\n","protected":false},"featured_media":414,"template":"","meta":[],"product_cat":[30],"product_tag":[],"class_list":{"0":"post-418","1":"product","2":"type-product","3":"status-publish","4":"has-post-thumbnail","6":"product_cat-places-en","7":"pa_autor-lidia-rozmus-en","9":"first","10":"instock","11":"shipping-taxable","12":"purchasable","13":"product-type-simple"},"acf":[],"yoast_head":"<!-- This site is optimized with the Yoast SEO plugin v19.6.1 - https:\/\/yoast.com\/wordpress\/plugins\/seo\/ -->\n<title>The Republic of Mole Hill. A book for writing. Republika Kreciej G\u00f3ry. Ksi\u0105\u017cka do pisania - LIBER AD SCRIBENDUM<\/title>\n<meta name=\"robots\" content=\"index, follow, max-snippet:-1, max-image-preview:large, max-video-preview:-1\" \/>\n<link rel=\"canonical\" href=\"https:\/\/beta.rso.pl\/eas\/en\/produkt\/the-republic-of-mole-hill-a-book-for-writing-republika-kreciej-gory-ksiazka-pisania\/\" \/>\n<meta property=\"og:locale\" content=\"en_US\" \/>\n<meta property=\"og:type\" content=\"article\" \/>\n<meta property=\"og:title\" content=\"The Republic of Mole Hill. A book for writing. Republika Kreciej G\u00f3ry. Ksi\u0105\u017cka do pisania - LIBER AD SCRIBENDUM\" \/>\n<meta property=\"og:description\" content=\"Photographs, sumi-e, oils, drawings \/ Fotografie, sumi-e, obrazy olejne, rysunki: Lidia Rozmus\" \/>\n<meta property=\"og:url\" content=\"https:\/\/beta.rso.pl\/eas\/en\/produkt\/the-republic-of-mole-hill-a-book-for-writing-republika-kreciej-gory-ksiazka-pisania\/\" \/>\n<meta property=\"og:site_name\" content=\"LIBER AD SCRIBENDUM\" \/>\n<meta property=\"article:modified_time\" content=\"2021-10-20T11:51:32+00:00\" \/>\n<meta property=\"og:image\" content=\"https:\/\/beta.rso.pl\/eas\/wp-content\/uploads\/2017\/12\/2-1.jpg\" \/>\n\t<meta property=\"og:image:width\" content=\"500\" \/>\n\t<meta property=\"og:image:height\" content=\"700\" \/>\n\t<meta property=\"og:image:type\" content=\"image\/jpeg\" \/>\n<meta name=\"twitter:card\" content=\"summary_large_image\" \/>\n<meta name=\"twitter:label1\" content=\"Est. reading time\" \/>\n\t<meta name=\"twitter:data1\" content=\"1 minute\" \/>\n<script type=\"application\/ld+json\" class=\"yoast-schema-graph\">{\"@context\":\"https:\/\/schema.org\",\"@graph\":[{\"@type\":\"WebPage\",\"@id\":\"https:\/\/beta.rso.pl\/eas\/en\/produkt\/the-republic-of-mole-hill-a-book-for-writing-republika-kreciej-gory-ksiazka-pisania\/\",\"url\":\"https:\/\/beta.rso.pl\/eas\/en\/produkt\/the-republic-of-mole-hill-a-book-for-writing-republika-kreciej-gory-ksiazka-pisania\/\",\"name\":\"The Republic of Mole Hill. A book for writing. Republika Kreciej G\u00f3ry. Ksi\u0105\u017cka do pisania - LIBER AD SCRIBENDUM\",\"isPartOf\":{\"@id\":\"https:\/\/beta.rso.pl\/eas\/#website\"},\"datePublished\":\"2018-01-09T10:09:51+00:00\",\"dateModified\":\"2021-10-20T11:51:32+00:00\",\"breadcrumb\":{\"@id\":\"https:\/\/beta.rso.pl\/eas\/en\/produkt\/the-republic-of-mole-hill-a-book-for-writing-republika-kreciej-gory-ksiazka-pisania\/#breadcrumb\"},\"inLanguage\":\"en-US\",\"potentialAction\":[{\"@type\":\"ReadAction\",\"target\":[\"https:\/\/beta.rso.pl\/eas\/en\/produkt\/the-republic-of-mole-hill-a-book-for-writing-republika-kreciej-gory-ksiazka-pisania\/\"]}]},{\"@type\":\"BreadcrumbList\",\"@id\":\"https:\/\/beta.rso.pl\/eas\/en\/produkt\/the-republic-of-mole-hill-a-book-for-writing-republika-kreciej-gory-ksiazka-pisania\/#breadcrumb\",\"itemListElement\":[{\"@type\":\"ListItem\",\"position\":1,\"name\":\"Strona g\u0142\u00f3wna\",\"item\":\"https:\/\/beta.rso.pl\/eas\/en\/\"},{\"@type\":\"ListItem\",\"position\":2,\"name\":\"Shop\",\"item\":\"https:\/\/beta.rso.pl\/eas\/en\/shop\/\"},{\"@type\":\"ListItem\",\"position\":3,\"name\":\"The Republic of Mole Hill. A book for writing. Republika Kreciej G\u00f3ry. Ksi\u0105\u017cka do pisania\"}]},{\"@type\":\"WebSite\",\"@id\":\"https:\/\/beta.rso.pl\/eas\/#website\",\"url\":\"https:\/\/beta.rso.pl\/eas\/\",\"name\":\"LIBER AD SCRIBENDUM\",\"description\":\"\",\"potentialAction\":[{\"@type\":\"SearchAction\",\"target\":{\"@type\":\"EntryPoint\",\"urlTemplate\":\"https:\/\/beta.rso.pl\/eas\/?s={search_term_string}\"},\"query-input\":\"required name=search_term_string\"}],\"inLanguage\":\"en-US\"}]}<\/script>\n<!-- \/ Yoast SEO plugin. -->","yoast_head_json":{"title":"The Republic of Mole Hill. A book for writing. Republika Kreciej G\u00f3ry. Ksi\u0105\u017cka do pisania - LIBER AD SCRIBENDUM","robots":{"index":"index","follow":"follow","max-snippet":"max-snippet:-1","max-image-preview":"max-image-preview:large","max-video-preview":"max-video-preview:-1"},"canonical":"https:\/\/beta.rso.pl\/eas\/en\/produkt\/the-republic-of-mole-hill-a-book-for-writing-republika-kreciej-gory-ksiazka-pisania\/","og_locale":"en_US","og_type":"article","og_title":"The Republic of Mole Hill. A book for writing. Republika Kreciej G\u00f3ry. Ksi\u0105\u017cka do pisania - LIBER AD SCRIBENDUM","og_description":"Photographs, sumi-e, oils, drawings \/ Fotografie, sumi-e, obrazy olejne, rysunki: Lidia Rozmus","og_url":"https:\/\/beta.rso.pl\/eas\/en\/produkt\/the-republic-of-mole-hill-a-book-for-writing-republika-kreciej-gory-ksiazka-pisania\/","og_site_name":"LIBER AD SCRIBENDUM","article_modified_time":"2021-10-20T11:51:32+00:00","og_image":[{"width":500,"height":700,"url":"https:\/\/beta.rso.pl\/eas\/wp-content\/uploads\/2017\/12\/2-1.jpg","type":"image\/jpeg"}],"twitter_card":"summary_large_image","twitter_misc":{"Est. reading time":"1 minute"},"schema":{"@context":"https:\/\/schema.org","@graph":[{"@type":"WebPage","@id":"https:\/\/beta.rso.pl\/eas\/en\/produkt\/the-republic-of-mole-hill-a-book-for-writing-republika-kreciej-gory-ksiazka-pisania\/","url":"https:\/\/beta.rso.pl\/eas\/en\/produkt\/the-republic-of-mole-hill-a-book-for-writing-republika-kreciej-gory-ksiazka-pisania\/","name":"The Republic of Mole Hill. A book for writing. Republika Kreciej G\u00f3ry. Ksi\u0105\u017cka do pisania - LIBER AD SCRIBENDUM","isPartOf":{"@id":"https:\/\/beta.rso.pl\/eas\/#website"},"datePublished":"2018-01-09T10:09:51+00:00","dateModified":"2021-10-20T11:51:32+00:00","breadcrumb":{"@id":"https:\/\/beta.rso.pl\/eas\/en\/produkt\/the-republic-of-mole-hill-a-book-for-writing-republika-kreciej-gory-ksiazka-pisania\/#breadcrumb"},"inLanguage":"en-US","potentialAction":[{"@type":"ReadAction","target":["https:\/\/beta.rso.pl\/eas\/en\/produkt\/the-republic-of-mole-hill-a-book-for-writing-republika-kreciej-gory-ksiazka-pisania\/"]}]},{"@type":"BreadcrumbList","@id":"https:\/\/beta.rso.pl\/eas\/en\/produkt\/the-republic-of-mole-hill-a-book-for-writing-republika-kreciej-gory-ksiazka-pisania\/#breadcrumb","itemListElement":[{"@type":"ListItem","position":1,"name":"Strona g\u0142\u00f3wna","item":"https:\/\/beta.rso.pl\/eas\/en\/"},{"@type":"ListItem","position":2,"name":"Shop","item":"https:\/\/beta.rso.pl\/eas\/en\/shop\/"},{"@type":"ListItem","position":3,"name":"The Republic of Mole Hill. A book for writing. Republika Kreciej G\u00f3ry. Ksi\u0105\u017cka do pisania"}]},{"@type":"WebSite","@id":"https:\/\/beta.rso.pl\/eas\/#website","url":"https:\/\/beta.rso.pl\/eas\/","name":"LIBER AD SCRIBENDUM","description":"","potentialAction":[{"@type":"SearchAction","target":{"@type":"EntryPoint","urlTemplate":"https:\/\/beta.rso.pl\/eas\/?s={search_term_string}"},"query-input":"required name=search_term_string"}],"inLanguage":"en-US"}]}},"_links":{"self":[{"href":"https:\/\/austeria.eu\/en\/wp-json\/wp\/v2\/product\/418"}],"collection":[{"href":"https:\/\/austeria.eu\/en\/wp-json\/wp\/v2\/product"}],"about":[{"href":"https:\/\/austeria.eu\/en\/wp-json\/wp\/v2\/types\/product"}],"wp:featuredmedia":[{"embeddable":true,"href":"https:\/\/austeria.eu\/en\/wp-json\/wp\/v2\/media\/414"}],"wp:attachment":[{"href":"https:\/\/austeria.eu\/en\/wp-json\/wp\/v2\/media?parent=418"}],"wp:term":[{"taxonomy":"product_cat","embeddable":true,"href":"https:\/\/austeria.eu\/en\/wp-json\/wp\/v2\/product_cat?post=418"},{"taxonomy":"product_tag","embeddable":true,"href":"https:\/\/austeria.eu\/en\/wp-json\/wp\/v2\/product_tag?post=418"}],"curies":[{"name":"wp","href":"https:\/\/api.w.org\/{rel}","templated":true}]}}