{"id":1866,"date":"2020-11-25T15:52:58","date_gmt":"2020-11-25T14:52:58","guid":{"rendered":"https:\/\/austeria.eu\/produkt\/breslau-ein-buch-zum-schreiben\/"},"modified":"2021-10-20T14:26:28","modified_gmt":"2021-10-20T12:26:28","slug":"breslau-ein-buch-zum-schreiben","status":"publish","type":"product","link":"https:\/\/austeria.eu\/de\/produkt\/breslau-ein-buch-zum-schreiben\/","title":{"rendered":"Breslau. Ein buch zum schreiben"},"content":{"rendered":"<p>Die Reise durch ein Land oder das Reich des Geistes \u2013 was hat das f\u00fcr eine Bedeutung? Notiere Dinge, die du siehst und die du nicht siehst. Die leeren Stellen f\u00fclle mit M\u00f6glichkeiten aus. Suche Anregung in der weiten Fantasiewelt, gehe tief in dich hinein und h\u00f6re auf den Wanderer, Philosophem und K\u00fcnstler, der in jedem von uns lebt. Erfreue dich an dem Bild eines selbst ausgedachten Ortes. Skizziere eine Landschaft, Flora und Fauna, ein Manifest des eigenen intimsten Zuhause. Zaubere Abenteuer hervor. Beginn ein Traumtagebuch zu schreiben. \u00d6ffne dich f\u00fcr eine neue Hypothese oder ein Gedicht, f\u00fcr eine neue Erfindung von dir, eine neue, herausragende Idee. Lass es etwas Ungew\u00f6hnliches, etwas Verzaubertes sein, etwas, woran man glauben kann, etwas von dir. Bestimme den Weg r\u00fcckw\u00e4rts und vorw\u00e4rts. Und zeichne dann eine Landkarte, die dir hilft, dass du dir diesen Weg merken kannst. Denn wozu sonst ist ein Buch zum Schreiben da?<\/p>\n<p style=\"text-align: right;\">Michele Root-Bernstein<\/p>\n","protected":false},"excerpt":{"rendered":"<p>Die Reise durch ein Land oder das Reich des Geistes \u2013 was hat das f\u00fcr eine Bedeutung? Notiere Dinge, die du siehst und die du nicht siehst. Die leeren Stellen<\/p>\n","protected":false},"featured_media":1863,"template":"","meta":[],"product_cat":[43],"product_tag":[],"class_list":{"0":"post-1866","1":"product","2":"type-product","3":"status-publish","4":"has-post-thumbnail","6":"product_cat-orte","8":"first","9":"instock","10":"shipping-taxable","11":"purchasable","12":"product-type-simple"},"acf":[],"yoast_head":"<!-- This site is optimized with the Yoast SEO plugin v19.6.1 - https:\/\/yoast.com\/wordpress\/plugins\/seo\/ -->\n<title>Breslau. Ein buch zum schreiben - LIBER AD SCRIBENDUM<\/title>\n<meta name=\"robots\" content=\"index, follow, max-snippet:-1, max-image-preview:large, max-video-preview:-1\" \/>\n<link rel=\"canonical\" href=\"https:\/\/beta.rso.pl\/eas\/de\/produkt\/breslau-ein-buch-zum-schreiben\/\" \/>\n<meta property=\"og:locale\" content=\"de_DE\" \/>\n<meta property=\"og:type\" content=\"article\" \/>\n<meta property=\"og:title\" content=\"Breslau. Ein buch zum schreiben - LIBER AD SCRIBENDUM\" \/>\n<meta property=\"og:description\" content=\"Die Reise durch ein Land oder das Reich des Geistes \u2013 was hat das f\u00fcr eine Bedeutung? Notiere Dinge, die du siehst und die du nicht siehst. Die leeren Stellen\" \/>\n<meta property=\"og:url\" content=\"https:\/\/beta.rso.pl\/eas\/de\/produkt\/breslau-ein-buch-zum-schreiben\/\" \/>\n<meta property=\"og:site_name\" content=\"LIBER AD SCRIBENDUM\" \/>\n<meta property=\"article:modified_time\" content=\"2021-10-20T12:26:28+00:00\" \/>\n<meta property=\"og:image\" content=\"https:\/\/beta.rso.pl\/eas\/wp-content\/uploads\/2020\/01\/okladka-breslau_ma\u0142a-1.jpg\" \/>\n\t<meta property=\"og:image:width\" content=\"500\" \/>\n\t<meta property=\"og:image:height\" content=\"705\" \/>\n\t<meta property=\"og:image:type\" content=\"image\/jpeg\" \/>\n<meta name=\"twitter:card\" content=\"summary_large_image\" \/>\n<meta name=\"twitter:label1\" content=\"Gesch\u00e4tzte Lesezeit\" \/>\n\t<meta name=\"twitter:data1\" content=\"1\u00a0Minute\" \/>\n<script type=\"application\/ld+json\" class=\"yoast-schema-graph\">{\"@context\":\"https:\/\/schema.org\",\"@graph\":[{\"@type\":\"WebPage\",\"@id\":\"https:\/\/beta.rso.pl\/eas\/de\/produkt\/breslau-ein-buch-zum-schreiben\/\",\"url\":\"https:\/\/beta.rso.pl\/eas\/de\/produkt\/breslau-ein-buch-zum-schreiben\/\",\"name\":\"Breslau. Ein buch zum schreiben - LIBER AD SCRIBENDUM\",\"isPartOf\":{\"@id\":\"https:\/\/beta.rso.pl\/eas\/#website\"},\"datePublished\":\"2020-11-25T14:52:58+00:00\",\"dateModified\":\"2021-10-20T12:26:28+00:00\",\"breadcrumb\":{\"@id\":\"https:\/\/beta.rso.pl\/eas\/de\/produkt\/breslau-ein-buch-zum-schreiben\/#breadcrumb\"},\"inLanguage\":\"de\",\"potentialAction\":[{\"@type\":\"ReadAction\",\"target\":[\"https:\/\/beta.rso.pl\/eas\/de\/produkt\/breslau-ein-buch-zum-schreiben\/\"]}]},{\"@type\":\"BreadcrumbList\",\"@id\":\"https:\/\/beta.rso.pl\/eas\/de\/produkt\/breslau-ein-buch-zum-schreiben\/#breadcrumb\",\"itemListElement\":[{\"@type\":\"ListItem\",\"position\":1,\"name\":\"Strona g\u0142\u00f3wna\",\"item\":\"https:\/\/beta.rso.pl\/eas\/de\/\"},{\"@type\":\"ListItem\",\"position\":2,\"name\":\"Shop\",\"item\":\"https:\/\/beta.rso.pl\/eas\/de\/shop\/\"},{\"@type\":\"ListItem\",\"position\":3,\"name\":\"Breslau. Ein buch zum schreiben\"}]},{\"@type\":\"WebSite\",\"@id\":\"https:\/\/beta.rso.pl\/eas\/#website\",\"url\":\"https:\/\/beta.rso.pl\/eas\/\",\"name\":\"LIBER AD SCRIBENDUM\",\"description\":\"\",\"potentialAction\":[{\"@type\":\"SearchAction\",\"target\":{\"@type\":\"EntryPoint\",\"urlTemplate\":\"https:\/\/beta.rso.pl\/eas\/?s={search_term_string}\"},\"query-input\":\"required name=search_term_string\"}],\"inLanguage\":\"de\"}]}<\/script>\n<!-- \/ Yoast SEO plugin. -->","yoast_head_json":{"title":"Breslau. Ein buch zum schreiben - LIBER AD SCRIBENDUM","robots":{"index":"index","follow":"follow","max-snippet":"max-snippet:-1","max-image-preview":"max-image-preview:large","max-video-preview":"max-video-preview:-1"},"canonical":"https:\/\/beta.rso.pl\/eas\/de\/produkt\/breslau-ein-buch-zum-schreiben\/","og_locale":"de_DE","og_type":"article","og_title":"Breslau. Ein buch zum schreiben - LIBER AD SCRIBENDUM","og_description":"Die Reise durch ein Land oder das Reich des Geistes \u2013 was hat das f\u00fcr eine Bedeutung? Notiere Dinge, die du siehst und die du nicht siehst. Die leeren Stellen","og_url":"https:\/\/beta.rso.pl\/eas\/de\/produkt\/breslau-ein-buch-zum-schreiben\/","og_site_name":"LIBER AD SCRIBENDUM","article_modified_time":"2021-10-20T12:26:28+00:00","og_image":[{"width":500,"height":705,"url":"https:\/\/beta.rso.pl\/eas\/wp-content\/uploads\/2020\/01\/okladka-breslau_ma\u0142a-1.jpg","type":"image\/jpeg"}],"twitter_card":"summary_large_image","twitter_misc":{"Gesch\u00e4tzte Lesezeit":"1\u00a0Minute"},"schema":{"@context":"https:\/\/schema.org","@graph":[{"@type":"WebPage","@id":"https:\/\/beta.rso.pl\/eas\/de\/produkt\/breslau-ein-buch-zum-schreiben\/","url":"https:\/\/beta.rso.pl\/eas\/de\/produkt\/breslau-ein-buch-zum-schreiben\/","name":"Breslau. Ein buch zum schreiben - LIBER AD SCRIBENDUM","isPartOf":{"@id":"https:\/\/beta.rso.pl\/eas\/#website"},"datePublished":"2020-11-25T14:52:58+00:00","dateModified":"2021-10-20T12:26:28+00:00","breadcrumb":{"@id":"https:\/\/beta.rso.pl\/eas\/de\/produkt\/breslau-ein-buch-zum-schreiben\/#breadcrumb"},"inLanguage":"de","potentialAction":[{"@type":"ReadAction","target":["https:\/\/beta.rso.pl\/eas\/de\/produkt\/breslau-ein-buch-zum-schreiben\/"]}]},{"@type":"BreadcrumbList","@id":"https:\/\/beta.rso.pl\/eas\/de\/produkt\/breslau-ein-buch-zum-schreiben\/#breadcrumb","itemListElement":[{"@type":"ListItem","position":1,"name":"Strona g\u0142\u00f3wna","item":"https:\/\/beta.rso.pl\/eas\/de\/"},{"@type":"ListItem","position":2,"name":"Shop","item":"https:\/\/beta.rso.pl\/eas\/de\/shop\/"},{"@type":"ListItem","position":3,"name":"Breslau. Ein buch zum schreiben"}]},{"@type":"WebSite","@id":"https:\/\/beta.rso.pl\/eas\/#website","url":"https:\/\/beta.rso.pl\/eas\/","name":"LIBER AD SCRIBENDUM","description":"","potentialAction":[{"@type":"SearchAction","target":{"@type":"EntryPoint","urlTemplate":"https:\/\/beta.rso.pl\/eas\/?s={search_term_string}"},"query-input":"required name=search_term_string"}],"inLanguage":"de"}]}},"_links":{"self":[{"href":"https:\/\/austeria.eu\/de\/wp-json\/wp\/v2\/product\/1866"}],"collection":[{"href":"https:\/\/austeria.eu\/de\/wp-json\/wp\/v2\/product"}],"about":[{"href":"https:\/\/austeria.eu\/de\/wp-json\/wp\/v2\/types\/product"}],"wp:featuredmedia":[{"embeddable":true,"href":"https:\/\/austeria.eu\/de\/wp-json\/wp\/v2\/media\/1863"}],"wp:attachment":[{"href":"https:\/\/austeria.eu\/de\/wp-json\/wp\/v2\/media?parent=1866"}],"wp:term":[{"taxonomy":"product_cat","embeddable":true,"href":"https:\/\/austeria.eu\/de\/wp-json\/wp\/v2\/product_cat?post=1866"},{"taxonomy":"product_tag","embeddable":true,"href":"https:\/\/austeria.eu\/de\/wp-json\/wp\/v2\/product_tag?post=1866"}],"curies":[{"name":"wp","href":"https:\/\/api.w.org\/{rel}","templated":true}]}}